{"id":827,"date":"2022-08-22T16:28:41","date_gmt":"2022-08-22T16:28:41","guid":{"rendered":"https:\/\/www.filzverliebt.de\/?post_type=product&#038;p=827"},"modified":"2024-11-11T01:29:36","modified_gmt":"2024-11-11T01:29:36","slug":"schwein-mit-schwimmreif","status":"publish","type":"product","link":"https:\/\/www.filzverliebt.de\/?product=schwein-mit-schwimmreif","title":{"rendered":"Schwein mit Schwimmreif"},"content":{"rendered":"<p>Eierw\u00e4rmer Schweinchen<\/p>\n<p>F\u00fcr alle Nichtschwimmer : Schweinchen mit Flamingo -Schwimmreif in Neonoptik. Macht gute Laune und w\u00e4rmt Ihr Fr\u00fchst\u00fccksei . Hohlk\u00f6rper circa 15 cm hoch, 7 cm im Durchmesser. Dieses Produkt besteht zu 100% aus fair gehandelter Merinowolle, handgefertigt in Deutschland.<\/p>\n<p>Aufgrund\u00a0<span class=\"s1\"><em>des Kleinunternehmerstatus gem. \u00a719 UStG erhebe ich keine Mehrwertsteuer und weise sie somit auch nicht aus. Alle im Onlineshop genannten Preise, dazu z\u00e4hlen auch die Kosten f\u00fcr die Lieferung- und Versandkosten, sind Endpreise.<\/em><\/span><\/p>\n","protected":false},"excerpt":{"rendered":"<p>Eierw\u00e4rmer Schweinchen F\u00fcr alle Nichtschwimmer : Schweinchen mit Flamingo -Schwimmreif in Neonoptik. Macht gute Laune und w\u00e4rmt Ihr Fr\u00fchst\u00fccksei . Hohlk\u00f6rper circa 15 cm hoch, 7 cm im Durchmesser. Dieses Produkt besteht zu 100% aus fair gehandelter Merinowolle, handgefertigt in Deutschland. Aufgrund\u00a0des Kleinunternehmerstatus gem. \u00a719 UStG erhebe ich keine Mehrwertsteuer und weise sie somit auch [&hellip;]<\/p>\n","protected":false},"featured_media":830,"comment_status":"open","ping_status":"closed","template":"","meta":[],"product_cat":[15],"product_tag":[],"_links":{"self":[{"href":"https:\/\/www.filzverliebt.de\/index.php?rest_route=\/wp\/v2\/product\/827"}],"collection":[{"href":"https:\/\/www.filzverliebt.de\/index.php?rest_route=\/wp\/v2\/product"}],"about":[{"href":"https:\/\/www.filzverliebt.de\/index.php?rest_route=\/wp\/v2\/types\/product"}],"replies":[{"embeddable":true,"href":"https:\/\/www.filzverliebt.de\/index.php?rest_route=%2Fwp%2Fv2%2Fcomments&post=827"}],"wp:featuredmedia":[{"embeddable":true,"href":"https:\/\/www.filzverliebt.de\/index.php?rest_route=\/wp\/v2\/media\/830"}],"wp:attachment":[{"href":"https:\/\/www.filzverliebt.de\/index.php?rest_route=%2Fwp%2Fv2%2Fmedia&parent=827"}],"wp:term":[{"taxonomy":"product_cat","embeddable":true,"href":"https:\/\/www.filzverliebt.de\/index.php?rest_route=%2Fwp%2Fv2%2Fproduct_cat&post=827"},{"taxonomy":"product_tag","embeddable":true,"href":"https:\/\/www.filzverliebt.de\/index.php?rest_route=%2Fwp%2Fv2%2Fproduct_tag&post=827"}],"curies":[{"name":"wp","href":"https:\/\/api.w.org\/{rel}","templated":true}]}}