{"id":799,"date":"2021-11-19T09:52:42","date_gmt":"2021-11-19T09:52:42","guid":{"rendered":"https:\/\/www.filzverliebt.de\/?post_type=product&#038;p=799"},"modified":"2022-08-22T16:32:28","modified_gmt":"2022-08-22T16:32:28","slug":"gockel-trophaee","status":"publish","type":"product","link":"https:\/\/www.filzverliebt.de\/?product=gockel-trophaee","title":{"rendered":"Gockel Troph\u00e4e"},"content":{"rendered":"","protected":false},"excerpt":{"rendered":"<p><span class=\"s1\">Gockel, Troph\u00e4e <\/span><\/p>\n<p><span class=\"s1\">dekorative Troph\u00e4e , circa 15cm gro\u00df, auf einer h\u00fcbschen Zigarrenkiste (15cm x 15 cm) mit Zierhaken.<br \/>\nDieses Produkt besteht zu 100% aus fair gehandelter Merinowolle, handgefertigt.<\/span><\/p>\n<p class=\"p1\"><span class=\"s1\"><em>Aufgrund des Kleinunternehmerstatus gem. \u00a719 UStG erhebe ich keine Mehrwertsteuer und weise sie somit auch nicht aus. Alle im Onlineshop genannten Preise, dazu z\u00e4hlen auch die Kosten f\u00fcr die Lieferung- und Versandkosten, sind Endpreise.<\/em><\/span><\/p>\n","protected":false},"featured_media":748,"comment_status":"closed","ping_status":"closed","template":"","meta":[],"product_cat":[15],"product_tag":[],"_links":{"self":[{"href":"https:\/\/www.filzverliebt.de\/index.php?rest_route=\/wp\/v2\/product\/799"}],"collection":[{"href":"https:\/\/www.filzverliebt.de\/index.php?rest_route=\/wp\/v2\/product"}],"about":[{"href":"https:\/\/www.filzverliebt.de\/index.php?rest_route=\/wp\/v2\/types\/product"}],"replies":[{"embeddable":true,"href":"https:\/\/www.filzverliebt.de\/index.php?rest_route=%2Fwp%2Fv2%2Fcomments&post=799"}],"wp:featuredmedia":[{"embeddable":true,"href":"https:\/\/www.filzverliebt.de\/index.php?rest_route=\/wp\/v2\/media\/748"}],"wp:attachment":[{"href":"https:\/\/www.filzverliebt.de\/index.php?rest_route=%2Fwp%2Fv2%2Fmedia&parent=799"}],"wp:term":[{"taxonomy":"product_cat","embeddable":true,"href":"https:\/\/www.filzverliebt.de\/index.php?rest_route=%2Fwp%2Fv2%2Fproduct_cat&post=799"},{"taxonomy":"product_tag","embeddable":true,"href":"https:\/\/www.filzverliebt.de\/index.php?rest_route=%2Fwp%2Fv2%2Fproduct_tag&post=799"}],"curies":[{"name":"wp","href":"https:\/\/api.w.org\/{rel}","templated":true}]}}