{"id":731,"date":"2022-11-19T09:31:08","date_gmt":"2022-11-19T09:31:08","guid":{"rendered":"https:\/\/www.filzverliebt.de\/?post_type=product&#038;p=731"},"modified":"2022-12-14T12:43:02","modified_gmt":"2022-12-14T12:43:02","slug":"krippe","status":"publish","type":"product","link":"https:\/\/www.filzverliebt.de\/?product=krippe","title":{"rendered":"Krippe"},"content":{"rendered":"","protected":false},"excerpt":{"rendered":"<p>Miniatur Krippe<\/p>\n<p>Die heilige Familie ist circa 4cm gro\u00df, sodass sie im inneren einer Buddha-nut Samenkapsel Platz hat, \u00fcber der H\u00f6hle leuchtet der Komet .<\/p>\n<p>Dieses Produkt besteht zu 100% aus fair gehandelter Merinowolle, handgefertigt.<\/p>\n<p class=\"p1\"><span class=\"s1\"><em>Aufgrund des Kleinunternehmerstatus gem. \u00a719 UStG erhebe ich keine Mehrwertsteuer und weise sie somit auch nicht aus. Alle im Onlineshop genannten Preise, dazu z\u00e4hlen auch die Kosten f\u00fcr die Lieferung- und Versandkosten, sind Endpreise.<\/em><\/span><\/p>\n","protected":false},"featured_media":754,"comment_status":"closed","ping_status":"closed","template":"","meta":[],"product_cat":[15],"product_tag":[],"_links":{"self":[{"href":"https:\/\/www.filzverliebt.de\/index.php?rest_route=\/wp\/v2\/product\/731"}],"collection":[{"href":"https:\/\/www.filzverliebt.de\/index.php?rest_route=\/wp\/v2\/product"}],"about":[{"href":"https:\/\/www.filzverliebt.de\/index.php?rest_route=\/wp\/v2\/types\/product"}],"replies":[{"embeddable":true,"href":"https:\/\/www.filzverliebt.de\/index.php?rest_route=%2Fwp%2Fv2%2Fcomments&post=731"}],"wp:featuredmedia":[{"embeddable":true,"href":"https:\/\/www.filzverliebt.de\/index.php?rest_route=\/wp\/v2\/media\/754"}],"wp:attachment":[{"href":"https:\/\/www.filzverliebt.de\/index.php?rest_route=%2Fwp%2Fv2%2Fmedia&parent=731"}],"wp:term":[{"taxonomy":"product_cat","embeddable":true,"href":"https:\/\/www.filzverliebt.de\/index.php?rest_route=%2Fwp%2Fv2%2Fproduct_cat&post=731"},{"taxonomy":"product_tag","embeddable":true,"href":"https:\/\/www.filzverliebt.de\/index.php?rest_route=%2Fwp%2Fv2%2Fproduct_tag&post=731"}],"curies":[{"name":"wp","href":"https:\/\/api.w.org\/{rel}","templated":true}]}}