{"id":713,"date":"2021-11-16T08:55:43","date_gmt":"2021-11-16T08:55:43","guid":{"rendered":"https:\/\/www.filzverliebt.de\/?post_type=product&#038;p=713"},"modified":"2022-12-14T12:41:46","modified_gmt":"2022-12-14T12:41:46","slug":"zwerg-klein","status":"publish","type":"product","link":"https:\/\/www.filzverliebt.de\/?product=zwerg-klein","title":{"rendered":"Zwerg klein"},"content":{"rendered":"","protected":false},"excerpt":{"rendered":"<p>Zwerg, klein<\/p>\n<p>Dekorativer Zwerg mit grauem Bart, gr\u00fcner Sch\u00fcrze und Fliegenpilzmotiv, Hohlk\u00f6rper, Durchmesser circa 7 cm, H\u00f6he circa 20cm. Gegen einen kleinen Aufpreis kann der Zwerg ausgestopft und mit Bodenplatte aus Filz angefertigt werden.<span class=\"s1\">\u00a0<\/span>Auf Anfrage fertige ich \u00a0den Zwerg f\u00fcr \u00a0Sie \u00a0gerne in Ihren Wunschfarben an, auch die H\u00f6he ist variabel , schreiben Sie mir! <span class=\"s1\">Dieses Produkt besteht zu 100% aus fair gehandelter Merinowolle, handgefertigt. <\/span><\/p>\n<p class=\"p1\"><span class=\"s1\"><em>Aufgrund des Kleinunternehmerstatus gem. \u00a719 UStG erhebe ich keine Mehrwertsteuer und weise sie somit auch nicht aus. Alle im Onlineshop genannten Preise, dazu z\u00e4hlen auch die Kosten f\u00fcr die Lieferung- und Versandkosten, sind Endpreise.<\/em><\/span><\/p>\n","protected":false},"featured_media":215,"comment_status":"closed","ping_status":"closed","template":"","meta":[],"product_cat":[15],"product_tag":[],"_links":{"self":[{"href":"https:\/\/www.filzverliebt.de\/index.php?rest_route=\/wp\/v2\/product\/713"}],"collection":[{"href":"https:\/\/www.filzverliebt.de\/index.php?rest_route=\/wp\/v2\/product"}],"about":[{"href":"https:\/\/www.filzverliebt.de\/index.php?rest_route=\/wp\/v2\/types\/product"}],"replies":[{"embeddable":true,"href":"https:\/\/www.filzverliebt.de\/index.php?rest_route=%2Fwp%2Fv2%2Fcomments&post=713"}],"wp:featuredmedia":[{"embeddable":true,"href":"https:\/\/www.filzverliebt.de\/index.php?rest_route=\/wp\/v2\/media\/215"}],"wp:attachment":[{"href":"https:\/\/www.filzverliebt.de\/index.php?rest_route=%2Fwp%2Fv2%2Fmedia&parent=713"}],"wp:term":[{"taxonomy":"product_cat","embeddable":true,"href":"https:\/\/www.filzverliebt.de\/index.php?rest_route=%2Fwp%2Fv2%2Fproduct_cat&post=713"},{"taxonomy":"product_tag","embeddable":true,"href":"https:\/\/www.filzverliebt.de\/index.php?rest_route=%2Fwp%2Fv2%2Fproduct_tag&post=713"}],"curies":[{"name":"wp","href":"https:\/\/api.w.org\/{rel}","templated":true}]}}