{"id":682,"date":"2021-03-26T08:43:38","date_gmt":"2021-03-26T08:43:38","guid":{"rendered":"https:\/\/www.filzverliebt.de\/?post_type=product&#038;p=682"},"modified":"2021-03-29T20:12:59","modified_gmt":"2021-03-29T20:12:59","slug":"hasen-in-blumennest","status":"publish","type":"product","link":"https:\/\/www.filzverliebt.de\/?product=hasen-in-blumennest","title":{"rendered":"Hasen in Blumennest"},"content":{"rendered":"","protected":false},"excerpt":{"rendered":"<p>Schmunzel -Hasen in Blumennest<\/p>\n<p>2 wei\u00df-graue Eierw\u00e4rmer Hasen mit gr\u00fcner Sch\u00fcrze und Schleife sitzen in einem Nestchen mit orangefarbener Blume.<\/p>\n<p>Eierw\u00e4rmer circa 15 cm hoch, 7 cm im Durchmesser, l<\/p>\n<p>Lustige Deko, macht gute Laune am Morgen und w\u00e4rmt Ihr Fr\u00fchst\u00fccksei!\u00a0Nat\u00fcrlich auch einzeln erh\u00e4ltlich. Dieses Produkt besteht zu 100% aus fair gehandelter Merinowolle, handgefertigt in Deutschland.<\/p>\n<p>Aufgrund\u00a0<span class=\"s1\"><em>des Kleinunternehmerstatus gem. \u00a719 UStG erhebe ich keine Mehrwertsteuer und weise sie somit auch nicht aus. Alle im Onlineshop genannten Preise, dazu z\u00e4hlen auch die Kosten f\u00fcr die Lieferung- und Versandkosten, sind Endpreise.<\/em><\/span><\/p>\n","protected":false},"featured_media":668,"comment_status":"open","ping_status":"closed","template":"","meta":[],"product_cat":[15],"product_tag":[],"_links":{"self":[{"href":"https:\/\/www.filzverliebt.de\/index.php?rest_route=\/wp\/v2\/product\/682"}],"collection":[{"href":"https:\/\/www.filzverliebt.de\/index.php?rest_route=\/wp\/v2\/product"}],"about":[{"href":"https:\/\/www.filzverliebt.de\/index.php?rest_route=\/wp\/v2\/types\/product"}],"replies":[{"embeddable":true,"href":"https:\/\/www.filzverliebt.de\/index.php?rest_route=%2Fwp%2Fv2%2Fcomments&post=682"}],"wp:featuredmedia":[{"embeddable":true,"href":"https:\/\/www.filzverliebt.de\/index.php?rest_route=\/wp\/v2\/media\/668"}],"wp:attachment":[{"href":"https:\/\/www.filzverliebt.de\/index.php?rest_route=%2Fwp%2Fv2%2Fmedia&parent=682"}],"wp:term":[{"taxonomy":"product_cat","embeddable":true,"href":"https:\/\/www.filzverliebt.de\/index.php?rest_route=%2Fwp%2Fv2%2Fproduct_cat&post=682"},{"taxonomy":"product_tag","embeddable":true,"href":"https:\/\/www.filzverliebt.de\/index.php?rest_route=%2Fwp%2Fv2%2Fproduct_tag&post=682"}],"curies":[{"name":"wp","href":"https:\/\/api.w.org\/{rel}","templated":true}]}}