{"id":472,"date":"2020-04-17T09:13:42","date_gmt":"2020-04-17T09:13:42","guid":{"rendered":"https:\/\/www.filzverliebt.de\/?post_type=product&#038;p=472"},"modified":"2021-01-12T09:42:40","modified_gmt":"2021-01-12T09:42:40","slug":"fisch-2","status":"publish","type":"product","link":"https:\/\/www.filzverliebt.de\/?product=fisch-2","title":{"rendered":"Mobile \u201cgr\u00fcner Fisch\u201c"},"content":{"rendered":"","protected":false},"excerpt":{"rendered":"<p>Mobile \u201egr\u00fcner Fisch\u201c<\/p>\n<p>25cm lang , 13cm hoch, in verschiedenen Gr\u00fcnt\u00f6nen. Form, Gr\u00f6\u00dfe und Farben sind variabel, gerne filze \u00a0ich Ihren Fantasiefisch! Dieses Produkt besteht zu 100% aus fair gehandelter Merinowolle, handgefertigt in Deutschland.<\/p>\n<p>Aufgrund\u00a0<span class=\"s1\"><em>des Kleinunternehmerstatus gem. \u00a719 UStG erhebe ich keine Mehrwertsteuer und weise sie somit auch nicht aus. Alle im Onlineshop genannten Preise, dazu z\u00e4hlen auch die Kosten f\u00fcr die Lieferung- und Versandkosten, sind Endpreise.<\/em><\/span><\/p>\n","protected":false},"featured_media":425,"comment_status":"closed","ping_status":"closed","template":"","meta":[],"product_cat":[15],"product_tag":[],"_links":{"self":[{"href":"https:\/\/www.filzverliebt.de\/index.php?rest_route=\/wp\/v2\/product\/472"}],"collection":[{"href":"https:\/\/www.filzverliebt.de\/index.php?rest_route=\/wp\/v2\/product"}],"about":[{"href":"https:\/\/www.filzverliebt.de\/index.php?rest_route=\/wp\/v2\/types\/product"}],"replies":[{"embeddable":true,"href":"https:\/\/www.filzverliebt.de\/index.php?rest_route=%2Fwp%2Fv2%2Fcomments&post=472"}],"wp:featuredmedia":[{"embeddable":true,"href":"https:\/\/www.filzverliebt.de\/index.php?rest_route=\/wp\/v2\/media\/425"}],"wp:attachment":[{"href":"https:\/\/www.filzverliebt.de\/index.php?rest_route=%2Fwp%2Fv2%2Fmedia&parent=472"}],"wp:term":[{"taxonomy":"product_cat","embeddable":true,"href":"https:\/\/www.filzverliebt.de\/index.php?rest_route=%2Fwp%2Fv2%2Fproduct_cat&post=472"},{"taxonomy":"product_tag","embeddable":true,"href":"https:\/\/www.filzverliebt.de\/index.php?rest_route=%2Fwp%2Fv2%2Fproduct_tag&post=472"}],"curies":[{"name":"wp","href":"https:\/\/api.w.org\/{rel}","templated":true}]}}