{"id":470,"date":"2020-04-17T09:12:24","date_gmt":"2020-04-17T09:12:24","guid":{"rendered":"https:\/\/www.filzverliebt.de\/?post_type=product&#038;p=470"},"modified":"2021-01-12T09:46:54","modified_gmt":"2021-01-12T09:46:54","slug":"tasche-4","status":"publish","type":"product","link":"https:\/\/www.filzverliebt.de\/?product=tasche-4","title":{"rendered":"Match-Beutel mit Bl\u00fcte"},"content":{"rendered":"","protected":false},"excerpt":{"rendered":"<p>2-farbiger Match-Beutel<\/p>\n<p>Der leichte, 2- farbige Beutel ist 33 cm hoch und 19 cm im Durchmesser. Eine Filzschnur dient als Trageband. Die farblich passende Bl\u00fcte ist mit einer Anstecknadel fixiert. Gerne fertige ich den Beutel in Ihrer Wunschfarbe(n) &#8211; und Gr\u00f6\u00dfe an, schreiben Sie mir!<\/p>\n<p>Dieses Produkt besteht zu 100% aus fair gehandelter Merinowolle, handgefertigt in Deutschland.<\/p>\n<p>Aufgrund\u00a0<span class=\"s1\"><em>des Kleinunternehmerstatus gem. \u00a719 UStG erhebe ich keine Mehrwertsteuer und weise sie somit auch nicht aus. Alle im Onlineshop genannten Preise, dazu z\u00e4hlen auch die Kosten f\u00fcr die Lieferung- und Versandkosten, sind Endpreise.<\/em><\/span><\/p>\n","protected":false},"featured_media":399,"comment_status":"closed","ping_status":"closed","template":"","meta":[],"product_cat":[15],"product_tag":[],"_links":{"self":[{"href":"https:\/\/www.filzverliebt.de\/index.php?rest_route=\/wp\/v2\/product\/470"}],"collection":[{"href":"https:\/\/www.filzverliebt.de\/index.php?rest_route=\/wp\/v2\/product"}],"about":[{"href":"https:\/\/www.filzverliebt.de\/index.php?rest_route=\/wp\/v2\/types\/product"}],"replies":[{"embeddable":true,"href":"https:\/\/www.filzverliebt.de\/index.php?rest_route=%2Fwp%2Fv2%2Fcomments&post=470"}],"wp:featuredmedia":[{"embeddable":true,"href":"https:\/\/www.filzverliebt.de\/index.php?rest_route=\/wp\/v2\/media\/399"}],"wp:attachment":[{"href":"https:\/\/www.filzverliebt.de\/index.php?rest_route=%2Fwp%2Fv2%2Fmedia&parent=470"}],"wp:term":[{"taxonomy":"product_cat","embeddable":true,"href":"https:\/\/www.filzverliebt.de\/index.php?rest_route=%2Fwp%2Fv2%2Fproduct_cat&post=470"},{"taxonomy":"product_tag","embeddable":true,"href":"https:\/\/www.filzverliebt.de\/index.php?rest_route=%2Fwp%2Fv2%2Fproduct_tag&post=470"}],"curies":[{"name":"wp","href":"https:\/\/api.w.org\/{rel}","templated":true}]}}