{"id":469,"date":"2020-04-17T09:11:54","date_gmt":"2020-04-17T09:11:54","guid":{"rendered":"https:\/\/www.filzverliebt.de\/?post_type=product&#038;p=469"},"modified":"2021-01-12T09:47:55","modified_gmt":"2021-01-12T09:47:55","slug":"tasche-3","status":"publish","type":"product","link":"https:\/\/www.filzverliebt.de\/?product=tasche-3","title":{"rendered":"Schwarze Tasche mit Blumen"},"content":{"rendered":"","protected":false},"excerpt":{"rendered":"<p>Schwarze Handtasche mit Blumen<\/p>\n<p>Die leichte, 2- farbige Tasche mit eingefilzten Blumen ist 33 cm hoch, 27 cm breit und 10 cm tief. Die Schultergurte sind 4 cm breit und 50 cm lang. Die Tasche ist gef\u00fcttert, hat einen Magnetverschlu\u00df und eine Innentasche mit Rei\u00dfverschluss. Die farblich passende Bl\u00fcte ist mit einer Anstecknadel fixiert. Gerne fertige ich die Tasche in Ihrer Wunschfarbe(n)-\u00a0 und Gr\u00f6\u00dfe an, schreiben Sie mir!<\/p>\n<p>Dieses Produkt besteht zu 100% aus fair gehandelter Merinowolle, handgefertigt in Deutschland.<\/p>\n<p>Aufgrund\u00a0<span class=\"s1\"><em>des Kleinunternehmerstatus gem. \u00a719 UStG erhebe ich keine Mehrwertsteuer und weise sie somit auch nicht aus. Alle im Onlineshop genannten Preise, dazu z\u00e4hlen auch die Kosten f\u00fcr die Lieferung- und Versandkosten, sind Endpreise.<\/em><\/span><\/p>\n","protected":false},"featured_media":398,"comment_status":"closed","ping_status":"closed","template":"","meta":[],"product_cat":[15],"product_tag":[],"_links":{"self":[{"href":"https:\/\/www.filzverliebt.de\/index.php?rest_route=\/wp\/v2\/product\/469"}],"collection":[{"href":"https:\/\/www.filzverliebt.de\/index.php?rest_route=\/wp\/v2\/product"}],"about":[{"href":"https:\/\/www.filzverliebt.de\/index.php?rest_route=\/wp\/v2\/types\/product"}],"replies":[{"embeddable":true,"href":"https:\/\/www.filzverliebt.de\/index.php?rest_route=%2Fwp%2Fv2%2Fcomments&post=469"}],"wp:featuredmedia":[{"embeddable":true,"href":"https:\/\/www.filzverliebt.de\/index.php?rest_route=\/wp\/v2\/media\/398"}],"wp:attachment":[{"href":"https:\/\/www.filzverliebt.de\/index.php?rest_route=%2Fwp%2Fv2%2Fmedia&parent=469"}],"wp:term":[{"taxonomy":"product_cat","embeddable":true,"href":"https:\/\/www.filzverliebt.de\/index.php?rest_route=%2Fwp%2Fv2%2Fproduct_cat&post=469"},{"taxonomy":"product_tag","embeddable":true,"href":"https:\/\/www.filzverliebt.de\/index.php?rest_route=%2Fwp%2Fv2%2Fproduct_tag&post=469"}],"curies":[{"name":"wp","href":"https:\/\/api.w.org\/{rel}","templated":true}]}}