{"id":462,"date":"2020-04-17T09:06:58","date_gmt":"2020-04-17T09:06:58","guid":{"rendered":"https:\/\/www.filzverliebt.de\/?post_type=product&#038;p=462"},"modified":"2021-01-12T10:15:25","modified_gmt":"2021-01-12T10:15:25","slug":"schatulle-1","status":"publish","type":"product","link":"https:\/\/www.filzverliebt.de\/?product=schatulle-1","title":{"rendered":"Bl\u00fctendose"},"content":{"rendered":"","protected":false},"excerpt":{"rendered":"<p>Bl\u00fctendose<\/p>\n<p>Die kleine, n\u00fctzliche Dose \u00a0(- hilft z.B. im Bad beim Ordnung halten!) besteht aus vielen Wollschichten , so dass eine stabile Form entsteht. Sie \u00a0ist Innen wie Au\u00dfen in \u00a0verschiedenen Farben erh\u00e4ltlich, mit einer \u00a0dekorativen, farblich abgestimmter Bl\u00fcte auf dem Deckel. Ma\u00dfe : Umfang circa 27 cm, H\u00f6he 10 cm<\/p>\n<p>Gerne fertige ich die Schmuckdose in Ihrer Lieblings &#8211; Farbkombination an.<\/p>\n<p>Dieses Produkt besteht zu 100% aus fair gehandelter Merinowolle, handgefertigt in Deutschland.<\/p>\n<p>Aufgrund\u00a0<span class=\"s1\"><em>des Kleinunternehmerstatus gem. \u00a719 UStG erhebe ich keine Mehrwertsteuer und weise sie somit auch nicht aus. Alle im Onlineshop genannten Preise, dazu z\u00e4hlen auch die Kosten f\u00fcr die Lieferung- und Versandkosten, sind Endpreise.<\/em><\/span><\/p>\n","protected":false},"featured_media":403,"comment_status":"closed","ping_status":"closed","template":"","meta":[],"product_cat":[15],"product_tag":[],"_links":{"self":[{"href":"https:\/\/www.filzverliebt.de\/index.php?rest_route=\/wp\/v2\/product\/462"}],"collection":[{"href":"https:\/\/www.filzverliebt.de\/index.php?rest_route=\/wp\/v2\/product"}],"about":[{"href":"https:\/\/www.filzverliebt.de\/index.php?rest_route=\/wp\/v2\/types\/product"}],"replies":[{"embeddable":true,"href":"https:\/\/www.filzverliebt.de\/index.php?rest_route=%2Fwp%2Fv2%2Fcomments&post=462"}],"wp:featuredmedia":[{"embeddable":true,"href":"https:\/\/www.filzverliebt.de\/index.php?rest_route=\/wp\/v2\/media\/403"}],"wp:attachment":[{"href":"https:\/\/www.filzverliebt.de\/index.php?rest_route=%2Fwp%2Fv2%2Fmedia&parent=462"}],"wp:term":[{"taxonomy":"product_cat","embeddable":true,"href":"https:\/\/www.filzverliebt.de\/index.php?rest_route=%2Fwp%2Fv2%2Fproduct_cat&post=462"},{"taxonomy":"product_tag","embeddable":true,"href":"https:\/\/www.filzverliebt.de\/index.php?rest_route=%2Fwp%2Fv2%2Fproduct_tag&post=462"}],"curies":[{"name":"wp","href":"https:\/\/api.w.org\/{rel}","templated":true}]}}