{"id":456,"date":"2020-04-17T09:02:32","date_gmt":"2020-04-17T09:02:32","guid":{"rendered":"https:\/\/www.filzverliebt.de\/?post_type=product&#038;p=456"},"modified":"2021-01-12T12:45:24","modified_gmt":"2021-01-12T12:45:24","slug":"waermflasche-grau","status":"publish","type":"product","link":"https:\/\/www.filzverliebt.de\/?product=waermflasche-grau","title":{"rendered":"W\u00e4rmflasche Grau"},"content":{"rendered":"","protected":false},"excerpt":{"rendered":"<p>Herzw\u00e4rmflasche<\/p>\n<p>wundersch\u00f6n weiche H\u00fclle f\u00fcr eine herzf\u00f6rmige W\u00e4rmflasche ( 5l fashy- W\u00e4rmflasche im Preis mit inbegriffen) in beigem Grundton ( Innenseite rosafarben) mit dekorativem pinkfarbenem Hirschgeweih. Gerne fertige ich die W\u00e4rmflasche f\u00fcr Sie mit Ihrem Wunschmotiv und in Ihren Lieblingsfarben, schreiben Sie mir!Die H\u00fclle kann zum Waschen abgezogen werden. Dieses Produkt besteht zu 100% aus fair gehandelter Merinowolle, handgefertigt in Deutschland.<\/p>\n<p>Aufgrund\u00a0<span class=\"s1\"><em>des Kleinunternehmerstatus gem. \u00a719 UStG erhebe ich keine Mehrwertsteuer und weise sie somit auch nicht aus. Alle im Onlineshop genannten Preise, dazu z\u00e4hlen auch die Kosten f\u00fcr die Lieferung- und Versandkosten, sind Endpreise.<\/em><\/span><\/p>\n","protected":false},"featured_media":389,"comment_status":"closed","ping_status":"closed","template":"","meta":[],"product_cat":[15],"product_tag":[],"_links":{"self":[{"href":"https:\/\/www.filzverliebt.de\/index.php?rest_route=\/wp\/v2\/product\/456"}],"collection":[{"href":"https:\/\/www.filzverliebt.de\/index.php?rest_route=\/wp\/v2\/product"}],"about":[{"href":"https:\/\/www.filzverliebt.de\/index.php?rest_route=\/wp\/v2\/types\/product"}],"replies":[{"embeddable":true,"href":"https:\/\/www.filzverliebt.de\/index.php?rest_route=%2Fwp%2Fv2%2Fcomments&post=456"}],"wp:featuredmedia":[{"embeddable":true,"href":"https:\/\/www.filzverliebt.de\/index.php?rest_route=\/wp\/v2\/media\/389"}],"wp:attachment":[{"href":"https:\/\/www.filzverliebt.de\/index.php?rest_route=%2Fwp%2Fv2%2Fmedia&parent=456"}],"wp:term":[{"taxonomy":"product_cat","embeddable":true,"href":"https:\/\/www.filzverliebt.de\/index.php?rest_route=%2Fwp%2Fv2%2Fproduct_cat&post=456"},{"taxonomy":"product_tag","embeddable":true,"href":"https:\/\/www.filzverliebt.de\/index.php?rest_route=%2Fwp%2Fv2%2Fproduct_tag&post=456"}],"curies":[{"name":"wp","href":"https:\/\/api.w.org\/{rel}","templated":true}]}}