{"id":233,"date":"2020-04-03T13:05:06","date_gmt":"2020-04-03T13:05:06","guid":{"rendered":"https:\/\/www.filzverliebt.de\/?post_type=product&#038;p=233"},"modified":"2021-01-12T12:57:03","modified_gmt":"2021-01-12T12:57:03","slug":"oster-nest-gelb","status":"publish","type":"product","link":"https:\/\/www.filzverliebt.de\/?product=oster-nest-gelb","title":{"rendered":"Osternest mit Blume"},"content":{"rendered":"","protected":false},"excerpt":{"rendered":"<p>Nest mit Blume<\/p>\n<p>Gr\u00fcn-wei\u00dfes Nest mit gelber Blume und gr\u00fcnem Band. Durchmesser circa 12cm, Randh\u00f6he 7cm.<\/p>\n<p><span class=\"s1\">Dieses Produkt besteht zu 100% aus fair gehandelter Merinowolle, handgefertigt in Deutschland.<\/span><\/p>\n<p class=\"p1\"><span class=\"s1\">Auf Anfrage fertige ich \u00a0das Nest f\u00fcr \u00a0Sie \u00a0gerne in Ihren Wunschfarben an, schreiben Sie mir!<\/span><\/p>\n<p class=\"p1\"><span class=\"s1\"><em>Aufgrund des Kleinunternehmerstatus gem. \u00a719 UStG erhebe ich keine Mehrwertsteuer und weise sie somit auch nicht aus. Alle im Onlineshop genannten Preise, dazu z\u00e4hlen auch die Kosten f\u00fcr die Lieferung- und Versandkosten, sind Endpreise.<\/em><\/span><\/p>\n","protected":false},"featured_media":229,"comment_status":"closed","ping_status":"closed","template":"","meta":[],"product_cat":[15],"product_tag":[],"_links":{"self":[{"href":"https:\/\/www.filzverliebt.de\/index.php?rest_route=\/wp\/v2\/product\/233"}],"collection":[{"href":"https:\/\/www.filzverliebt.de\/index.php?rest_route=\/wp\/v2\/product"}],"about":[{"href":"https:\/\/www.filzverliebt.de\/index.php?rest_route=\/wp\/v2\/types\/product"}],"replies":[{"embeddable":true,"href":"https:\/\/www.filzverliebt.de\/index.php?rest_route=%2Fwp%2Fv2%2Fcomments&post=233"}],"wp:featuredmedia":[{"embeddable":true,"href":"https:\/\/www.filzverliebt.de\/index.php?rest_route=\/wp\/v2\/media\/229"}],"wp:attachment":[{"href":"https:\/\/www.filzverliebt.de\/index.php?rest_route=%2Fwp%2Fv2%2Fmedia&parent=233"}],"wp:term":[{"taxonomy":"product_cat","embeddable":true,"href":"https:\/\/www.filzverliebt.de\/index.php?rest_route=%2Fwp%2Fv2%2Fproduct_cat&post=233"},{"taxonomy":"product_tag","embeddable":true,"href":"https:\/\/www.filzverliebt.de\/index.php?rest_route=%2Fwp%2Fv2%2Fproduct_tag&post=233"}],"curies":[{"name":"wp","href":"https:\/\/api.w.org\/{rel}","templated":true}]}}