{"id":226,"date":"2020-04-03T12:58:43","date_gmt":"2020-04-03T12:58:43","guid":{"rendered":"https:\/\/www.filzverliebt.de\/?post_type=product&#038;p=226"},"modified":"2021-01-12T13:03:19","modified_gmt":"2021-01-12T13:03:19","slug":"zwerg-gross","status":"publish","type":"product","link":"https:\/\/www.filzverliebt.de\/?product=zwerg-gross","title":{"rendered":"Zwerg Gro\u00df"},"content":{"rendered":"","protected":false},"excerpt":{"rendered":"<p>Zwerg, gro\u00df<\/p>\n<p>Dekorativer Zwerg mit grauem Bart, gr\u00fcner Sch\u00fcrze und Fliegenpilzmotiv, Hohlk\u00f6rper, Durchmesser circa 7 cm, H\u00f6he circa 20cm. Gegen einen kleinen Aufpreis kann der Zwerg ausgestopft und mit Bodenplatte aus Filz angefertigt werden.<span class=\"s1\">\u00a0<\/span>Auf Anfrage fertige ich \u00a0den Zwerg f\u00fcr \u00a0Sie \u00a0gerne in Ihren Wunschfarben an, auch die H\u00f6he ist variabel , schreiben Sie mir! <span class=\"s1\">Dieses Produkt besteht zu 100% aus fair gehandelter Merinowolle, handgefertigt. <\/span><\/p>\n<p class=\"p1\"><span class=\"s1\"><em>Aufgrund des Kleinunternehmerstatus gem. \u00a719 UStG erhebe ich keine Mehrwertsteuer und weise sie somit auch nicht aus. Alle im Onlineshop genannten Preise, dazu z\u00e4hlen auch die Kosten f\u00fcr die Lieferung- und Versandkosten, sind Endpreise.<\/em><\/span><\/p>\n","protected":false},"featured_media":214,"comment_status":"closed","ping_status":"closed","template":"","meta":[],"product_cat":[15],"product_tag":[],"_links":{"self":[{"href":"https:\/\/www.filzverliebt.de\/index.php?rest_route=\/wp\/v2\/product\/226"}],"collection":[{"href":"https:\/\/www.filzverliebt.de\/index.php?rest_route=\/wp\/v2\/product"}],"about":[{"href":"https:\/\/www.filzverliebt.de\/index.php?rest_route=\/wp\/v2\/types\/product"}],"replies":[{"embeddable":true,"href":"https:\/\/www.filzverliebt.de\/index.php?rest_route=%2Fwp%2Fv2%2Fcomments&post=226"}],"wp:featuredmedia":[{"embeddable":true,"href":"https:\/\/www.filzverliebt.de\/index.php?rest_route=\/wp\/v2\/media\/214"}],"wp:attachment":[{"href":"https:\/\/www.filzverliebt.de\/index.php?rest_route=%2Fwp%2Fv2%2Fmedia&parent=226"}],"wp:term":[{"taxonomy":"product_cat","embeddable":true,"href":"https:\/\/www.filzverliebt.de\/index.php?rest_route=%2Fwp%2Fv2%2Fproduct_cat&post=226"},{"taxonomy":"product_tag","embeddable":true,"href":"https:\/\/www.filzverliebt.de\/index.php?rest_route=%2Fwp%2Fv2%2Fproduct_tag&post=226"}],"curies":[{"name":"wp","href":"https:\/\/api.w.org\/{rel}","templated":true}]}}