{"id":224,"date":"2020-04-03T12:56:46","date_gmt":"2020-04-03T12:56:46","guid":{"rendered":"https:\/\/www.filzverliebt.de\/?post_type=product&#038;p=224"},"modified":"2021-01-12T13:04:10","modified_gmt":"2021-01-12T13:04:10","slug":"schweinchen","status":"publish","type":"product","link":"https:\/\/www.filzverliebt.de\/?product=schweinchen","title":{"rendered":"Schweinchen"},"content":{"rendered":"","protected":false},"excerpt":{"rendered":"<p>Gl\u00fccksschweinchen<\/p>\n<p>Kleines Gl\u00fccksschweinchen mit Kleeblatt. Hohlk\u00f6rper , Durchmesser circa 3cm, H\u00f6he circa 10 cm<\/p>\n<p><span class=\"s1\">Dieses Produkt besteht zu 100% aus fair gehandelter Merinowolle, handgefertigt in Deutschland.<\/span><\/p>\n<p class=\"p1\"><span class=\"s1\"><em>Aufgrund des Kleinunternehmerstatus gem. \u00a719 UStG erhebe ich keine Mehrwertsteuer und weise sie somit auch nicht aus. Alle im Onlineshop genannten Preise, dazu z\u00e4hlen auch die Kosten f\u00fcr die Lieferung- und Versandkosten, sind Endpreise.<\/em><\/span><\/p>\n","protected":false},"featured_media":210,"comment_status":"closed","ping_status":"closed","template":"","meta":[],"product_cat":[15],"product_tag":[],"_links":{"self":[{"href":"https:\/\/www.filzverliebt.de\/index.php?rest_route=\/wp\/v2\/product\/224"}],"collection":[{"href":"https:\/\/www.filzverliebt.de\/index.php?rest_route=\/wp\/v2\/product"}],"about":[{"href":"https:\/\/www.filzverliebt.de\/index.php?rest_route=\/wp\/v2\/types\/product"}],"replies":[{"embeddable":true,"href":"https:\/\/www.filzverliebt.de\/index.php?rest_route=%2Fwp%2Fv2%2Fcomments&post=224"}],"wp:featuredmedia":[{"embeddable":true,"href":"https:\/\/www.filzverliebt.de\/index.php?rest_route=\/wp\/v2\/media\/210"}],"wp:attachment":[{"href":"https:\/\/www.filzverliebt.de\/index.php?rest_route=%2Fwp%2Fv2%2Fmedia&parent=224"}],"wp:term":[{"taxonomy":"product_cat","embeddable":true,"href":"https:\/\/www.filzverliebt.de\/index.php?rest_route=%2Fwp%2Fv2%2Fproduct_cat&post=224"},{"taxonomy":"product_tag","embeddable":true,"href":"https:\/\/www.filzverliebt.de\/index.php?rest_route=%2Fwp%2Fv2%2Fproduct_tag&post=224"}],"curies":[{"name":"wp","href":"https:\/\/api.w.org\/{rel}","templated":true}]}}