{"id":203,"date":"2020-04-03T12:50:33","date_gmt":"2020-04-03T12:50:33","guid":{"rendered":"https:\/\/www.filzverliebt.de\/?post_type=product&#038;p=203"},"modified":"2021-01-12T09:34:37","modified_gmt":"2021-01-12T09:34:37","slug":"maeusedame","status":"publish","type":"product","link":"https:\/\/www.filzverliebt.de\/?product=maeusedame","title":{"rendered":"Tanzmaus"},"content":{"rendered":"","protected":false},"excerpt":{"rendered":"<p>M\u00e4usedame<\/p>\n<p>Graue Tanzmaus mit T\u00fcllrock und Schleifchen , h\u00e4lt Ihr Fr\u00fchst\u00fccksei warm .<\/p>\n<p>Hohlk\u00f6rper , Durchmesser circa 5 cm, H\u00f6he circa 14 cm<\/p>\n<p><span class=\"s1\">Dieses Produkt besteht zu 100% aus fair gehandelter Merino wolle, handgefertigt in .<\/span><\/p>\n<p class=\"p1\"><span class=\"s1\"><em>Aufgrund des Kleinunternehmerstatus gem. \u00a719 UStG erhebe ich keine Mehrwertsteuer und weise sie somit auch nicht aus. Alle im Onlineshop genannten Preise, dazu z\u00e4hlen auch die Kosten f\u00fcr die Lieferung- und Versandkosten, sind Endpreise.<\/em><\/span><\/p>\n","protected":false},"featured_media":190,"comment_status":"closed","ping_status":"closed","template":"","meta":[],"product_cat":[15],"product_tag":[],"_links":{"self":[{"href":"https:\/\/www.filzverliebt.de\/index.php?rest_route=\/wp\/v2\/product\/203"}],"collection":[{"href":"https:\/\/www.filzverliebt.de\/index.php?rest_route=\/wp\/v2\/product"}],"about":[{"href":"https:\/\/www.filzverliebt.de\/index.php?rest_route=\/wp\/v2\/types\/product"}],"replies":[{"embeddable":true,"href":"https:\/\/www.filzverliebt.de\/index.php?rest_route=%2Fwp%2Fv2%2Fcomments&post=203"}],"wp:featuredmedia":[{"embeddable":true,"href":"https:\/\/www.filzverliebt.de\/index.php?rest_route=\/wp\/v2\/media\/190"}],"wp:attachment":[{"href":"https:\/\/www.filzverliebt.de\/index.php?rest_route=%2Fwp%2Fv2%2Fmedia&parent=203"}],"wp:term":[{"taxonomy":"product_cat","embeddable":true,"href":"https:\/\/www.filzverliebt.de\/index.php?rest_route=%2Fwp%2Fv2%2Fproduct_cat&post=203"},{"taxonomy":"product_tag","embeddable":true,"href":"https:\/\/www.filzverliebt.de\/index.php?rest_route=%2Fwp%2Fv2%2Fproduct_tag&post=203"}],"curies":[{"name":"wp","href":"https:\/\/api.w.org\/{rel}","templated":true}]}}