{"id":182,"date":"2020-04-03T12:41:37","date_gmt":"2020-04-03T12:41:37","guid":{"rendered":"https:\/\/www.filzverliebt.de\/?post_type=product&#038;p=182"},"modified":"2021-01-12T13:14:32","modified_gmt":"2021-01-12T13:14:32","slug":"huhn-weiss","status":"publish","type":"product","link":"https:\/\/www.filzverliebt.de\/?product=huhn-weiss","title":{"rendered":"Huhn mit Sch\u00fcrze"},"content":{"rendered":"","protected":false},"excerpt":{"rendered":"<p>Huhn mit Sch\u00fcrze<\/p>\n<p><span class=\"s1\">Das freche Huhn mit Sch\u00fcrze \u00a0und Tulpenmotiv macht gute Laune und h\u00e4lt Ihr Fr\u00fchst\u00fccksei warm. <\/span>Hohlk\u00f6rper , Durchmesser circa 5 cm, H\u00f6he circa 14 cm. Dieses Produkt besteht zu 100% aus fair gehandelter Merinowolle, handgefertigt in . Auf Anfrage fertige ich \u00a0das Huhn f\u00fcr \u00a0Sie \u00a0gerne in Ihren Wunschfarben an, schreiben Sie mir!<\/p>\n<p>Aufgrund\u00a0<span class=\"s1\"><em>des Kleinunternehmerstatus gem. \u00a719 UStG erhebe ich keine Mehrwertsteuer und weise sie somit auch nicht aus. Alle im Onlineshop genannten Preise, dazu z\u00e4hlen auch die Kosten f\u00fcr die Lieferung- und Versandkosten, sind Endpreise<\/em><\/span><\/p>\n","protected":false},"featured_media":175,"comment_status":"closed","ping_status":"closed","template":"","meta":[],"product_cat":[15],"product_tag":[],"_links":{"self":[{"href":"https:\/\/www.filzverliebt.de\/index.php?rest_route=\/wp\/v2\/product\/182"}],"collection":[{"href":"https:\/\/www.filzverliebt.de\/index.php?rest_route=\/wp\/v2\/product"}],"about":[{"href":"https:\/\/www.filzverliebt.de\/index.php?rest_route=\/wp\/v2\/types\/product"}],"replies":[{"embeddable":true,"href":"https:\/\/www.filzverliebt.de\/index.php?rest_route=%2Fwp%2Fv2%2Fcomments&post=182"}],"wp:featuredmedia":[{"embeddable":true,"href":"https:\/\/www.filzverliebt.de\/index.php?rest_route=\/wp\/v2\/media\/175"}],"wp:attachment":[{"href":"https:\/\/www.filzverliebt.de\/index.php?rest_route=%2Fwp%2Fv2%2Fmedia&parent=182"}],"wp:term":[{"taxonomy":"product_cat","embeddable":true,"href":"https:\/\/www.filzverliebt.de\/index.php?rest_route=%2Fwp%2Fv2%2Fproduct_cat&post=182"},{"taxonomy":"product_tag","embeddable":true,"href":"https:\/\/www.filzverliebt.de\/index.php?rest_route=%2Fwp%2Fv2%2Fproduct_tag&post=182"}],"curies":[{"name":"wp","href":"https:\/\/api.w.org\/{rel}","templated":true}]}}