{"id":162,"date":"2020-04-03T12:28:20","date_gmt":"2020-04-03T12:28:20","guid":{"rendered":"https:\/\/www.filzverliebt.de\/?post_type=product&#038;p=162"},"modified":"2020-04-14T18:45:33","modified_gmt":"2020-04-14T18:45:33","slug":"eichhoernchen","status":"publish","type":"product","link":"https:\/\/www.filzverliebt.de\/?product=eichhoernchen","title":{"rendered":"Eichh\u00f6rnchen"},"content":{"rendered":"","protected":false},"excerpt":{"rendered":"<p>Eichh\u00f6rnchen<\/p>\n<p>Das pfiffige Eichh\u00f6rnchen h\u00e4lt Ihr Fr\u00fchst\u00fccksei warm. Hohlk\u00f6rper , circa 6 cm im Durchmesser und 15 cm hoch .Dieses Produkt besteht zu 100% aus fair gehandelter Merinowolle, handgefertigt in . Auf Anfrage gegen einen kleinen Aufpreis, fertige ich das Eichh\u00f6rnchen ausgestopft, stehend mit F\u00fc\u00dfchen f\u00fcr Sie an.<\/p>\n<p>Aufgrund\u00a0<span class=\"s1\"><em>des Kleinunternehmenstatus gem. \u00a719 UStG erhebe ich keine Mehrwertsteuer und weise sie somit auch nicht aus. Alle im Onlineshop genannten Preise, dazu z\u00e4hlen auch die Kosten f\u00fcr die Lieferung- und Versandkosten, sind Endpreise.<\/em><\/span><\/p>\n","protected":false},"featured_media":161,"comment_status":"closed","ping_status":"closed","template":"","meta":[],"product_cat":[15],"product_tag":[],"_links":{"self":[{"href":"https:\/\/www.filzverliebt.de\/index.php?rest_route=\/wp\/v2\/product\/162"}],"collection":[{"href":"https:\/\/www.filzverliebt.de\/index.php?rest_route=\/wp\/v2\/product"}],"about":[{"href":"https:\/\/www.filzverliebt.de\/index.php?rest_route=\/wp\/v2\/types\/product"}],"replies":[{"embeddable":true,"href":"https:\/\/www.filzverliebt.de\/index.php?rest_route=%2Fwp%2Fv2%2Fcomments&post=162"}],"wp:featuredmedia":[{"embeddable":true,"href":"https:\/\/www.filzverliebt.de\/index.php?rest_route=\/wp\/v2\/media\/161"}],"wp:attachment":[{"href":"https:\/\/www.filzverliebt.de\/index.php?rest_route=%2Fwp%2Fv2%2Fmedia&parent=162"}],"wp:term":[{"taxonomy":"product_cat","embeddable":true,"href":"https:\/\/www.filzverliebt.de\/index.php?rest_route=%2Fwp%2Fv2%2Fproduct_cat&post=162"},{"taxonomy":"product_tag","embeddable":true,"href":"https:\/\/www.filzverliebt.de\/index.php?rest_route=%2Fwp%2Fv2%2Fproduct_tag&post=162"}],"curies":[{"name":"wp","href":"https:\/\/api.w.org\/{rel}","templated":true}]}}