{"id":134,"date":"2020-04-03T12:11:29","date_gmt":"2020-04-03T12:11:29","guid":{"rendered":"https:\/\/www.filzverliebt.de\/?post_type=product&#038;p=134"},"modified":"2021-01-12T13:32:37","modified_gmt":"2021-01-12T13:32:37","slug":"baby-schuh-gelb","status":"publish","type":"product","link":"https:\/\/www.filzverliebt.de\/?product=baby-schuh-gelb","title":{"rendered":"Babyschuh gelb mitTulpe"},"content":{"rendered":"","protected":false},"excerpt":{"rendered":"<p>Babyschuhe mit Tulpe<\/p>\n<p>Gelbe Babysch\u00fchchen mit Tulpe und Punkten, \u00a0rosa\/wei\u00dfem Karoband, h\u00e4lt Babys F\u00fc\u00dfchen in den ersten \u00a0Monaten warm. Dieses Produkt besteht zu 100% aus fair gehandelter Merinowolle, handgefertigt in Augsburg, waschbar im Wollwaschgang, kalt. Auf Anfrage fertige ich \u00a0die Schuhe f\u00fcr \u00a0Sie \u00a0gerne in Ihren Wunschfarben an, nat\u00fcrlich \u00a0auch nach Ma\u00df, schreiben Sie mir.<\/p>\n<p>Aufgrund\u00a0<span class=\"s1\"><em>des Kleinunternehmerstatus gem. \u00a719 UStG erhebe ich keine Mehrwertsteuer und weise sie somit auch nicht aus. Alle im Onlineshop genannten Preise, dazu z\u00e4hlen auch die Kosten f\u00fcr die Lieferung- und Versandkosten, sind Endpreise.<\/em><\/span><\/p>\n","protected":false},"featured_media":116,"comment_status":"open","ping_status":"closed","template":"","meta":[],"product_cat":[15],"product_tag":[],"_links":{"self":[{"href":"https:\/\/www.filzverliebt.de\/index.php?rest_route=\/wp\/v2\/product\/134"}],"collection":[{"href":"https:\/\/www.filzverliebt.de\/index.php?rest_route=\/wp\/v2\/product"}],"about":[{"href":"https:\/\/www.filzverliebt.de\/index.php?rest_route=\/wp\/v2\/types\/product"}],"replies":[{"embeddable":true,"href":"https:\/\/www.filzverliebt.de\/index.php?rest_route=%2Fwp%2Fv2%2Fcomments&post=134"}],"wp:featuredmedia":[{"embeddable":true,"href":"https:\/\/www.filzverliebt.de\/index.php?rest_route=\/wp\/v2\/media\/116"}],"wp:attachment":[{"href":"https:\/\/www.filzverliebt.de\/index.php?rest_route=%2Fwp%2Fv2%2Fmedia&parent=134"}],"wp:term":[{"taxonomy":"product_cat","embeddable":true,"href":"https:\/\/www.filzverliebt.de\/index.php?rest_route=%2Fwp%2Fv2%2Fproduct_cat&post=134"},{"taxonomy":"product_tag","embeddable":true,"href":"https:\/\/www.filzverliebt.de\/index.php?rest_route=%2Fwp%2Fv2%2Fproduct_tag&post=134"}],"curies":[{"name":"wp","href":"https:\/\/api.w.org\/{rel}","templated":true}]}}