{"id":236,"date":"2020-04-03T13:14:27","date_gmt":"2020-04-03T13:14:27","guid":{"rendered":"https:\/\/www.filzverliebt.de\/?page_id=236"},"modified":"2020-12-15T16:55:42","modified_gmt":"2020-12-15T16:55:42","slug":"impressum","status":"publish","type":"page","link":"https:\/\/www.filzverliebt.de\/?page_id=236","title":{"rendered":"Impressum"},"content":{"rendered":"\n<p><strong>Rechtliche Hinweise zur Webseite<\/strong><\/p>\n\n\n\n<p>Silvia Schweizer&nbsp;<\/p>\n\n\n\n<p>Werkraum 21<\/p>\n\n\n\n<p>vorderer lech 21<\/p>\n\n\n\n<p>86150 Augsburg<\/p>\n\n\n\n<p>Silvia@filzverliebt.de<\/p>\n\n\n\n<p>Alle Texte, Bilder und weiter hier ver\u00f6ffentlichten Informationen unterliegen dem Urheberrecht des Anbieters, soweit nicht Urheberrechte Dritter bestehen. In jedem Fall ist eine Vervielf\u00e4ltigung, Verbreitung oder \u00f6ffentliche Wiedergabe ausschlie\u00dflich im Falle einer widerruflichen und nicht \u00fcbertragbaren Zustimmung des Anbieters gestattet.<\/p>\n\n\n\n<p><\/p>\n","protected":false},"excerpt":{"rendered":"<p>Rechtliche Hinweise zur Webseite Silvia Schweizer&nbsp; Werkraum 21 vorderer lech 21 86150 Augsburg Silvia@filzverliebt.de Alle Texte, Bilder und weiter hier ver\u00f6ffentlichten Informationen unterliegen dem Urheberrecht des Anbieters, soweit nicht Urheberrechte Dritter bestehen. In jedem Fall ist eine Vervielf\u00e4ltigung, Verbreitung oder \u00f6ffentliche Wiedergabe ausschlie\u00dflich im Falle einer widerruflichen und nicht \u00fcbertragbaren Zustimmung des Anbieters gestattet.<\/p>\n","protected":false},"author":1,"featured_media":0,"parent":0,"menu_order":0,"comment_status":"closed","ping_status":"closed","template":"","meta":{"footnotes":""},"_links":{"self":[{"href":"https:\/\/www.filzverliebt.de\/index.php?rest_route=\/wp\/v2\/pages\/236"}],"collection":[{"href":"https:\/\/www.filzverliebt.de\/index.php?rest_route=\/wp\/v2\/pages"}],"about":[{"href":"https:\/\/www.filzverliebt.de\/index.php?rest_route=\/wp\/v2\/types\/page"}],"author":[{"embeddable":true,"href":"https:\/\/www.filzverliebt.de\/index.php?rest_route=\/wp\/v2\/users\/1"}],"replies":[{"embeddable":true,"href":"https:\/\/www.filzverliebt.de\/index.php?rest_route=%2Fwp%2Fv2%2Fcomments&post=236"}],"version-history":[{"count":4,"href":"https:\/\/www.filzverliebt.de\/index.php?rest_route=\/wp\/v2\/pages\/236\/revisions"}],"predecessor-version":[{"id":620,"href":"https:\/\/www.filzverliebt.de\/index.php?rest_route=\/wp\/v2\/pages\/236\/revisions\/620"}],"wp:attachment":[{"href":"https:\/\/www.filzverliebt.de\/index.php?rest_route=%2Fwp%2Fv2%2Fmedia&parent=236"}],"curies":[{"name":"wp","href":"https:\/\/api.w.org\/{rel}","templated":true}]}}