{"id":20,"date":"2020-04-03T08:02:08","date_gmt":"2020-04-03T08:02:08","guid":{"rendered":"https:\/\/www.filzverliebt.de\/?page_id=20"},"modified":"2024-09-18T07:43:36","modified_gmt":"2024-09-18T07:43:36","slug":"startseite","status":"publish","type":"page","link":"https:\/\/www.filzverliebt.de\/","title":{"rendered":""},"content":{"rendered":"\n<div class=\"wp-block-cover alignfull is-light\" style=\"min-height:632px;aspect-ratio:unset;\"><span aria-hidden=\"true\" class=\"wp-block-cover__background has-background-dim-10 has-background-dim\" style=\"background-color:#dbcbbe\"><\/span><img loading=\"lazy\" decoding=\"async\" width=\"1707\" height=\"2560\" class=\"wp-block-cover__image-background wp-image-201\" alt=\"\" src=\"https:\/\/www.filzverliebt.de\/wp-content\/uploads\/2020\/04\/MG_7994-scaled.jpg\" style=\"object-position:53% 41%\" data-object-fit=\"cover\" data-object-position=\"53% 41%\" srcset=\"https:\/\/www.filzverliebt.de\/wp-content\/uploads\/2020\/04\/MG_7994-scaled.jpg 1707w, https:\/\/www.filzverliebt.de\/wp-content\/uploads\/2020\/04\/MG_7994-200x300.jpg 200w, https:\/\/www.filzverliebt.de\/wp-content\/uploads\/2020\/04\/MG_7994-683x1024.jpg 683w, https:\/\/www.filzverliebt.de\/wp-content\/uploads\/2020\/04\/MG_7994-768x1152.jpg 768w, https:\/\/www.filzverliebt.de\/wp-content\/uploads\/2020\/04\/MG_7994-1024x1536.jpg 1024w, https:\/\/www.filzverliebt.de\/wp-content\/uploads\/2020\/04\/MG_7994-1365x2048.jpg 1365w, https:\/\/www.filzverliebt.de\/wp-content\/uploads\/2020\/04\/MG_7994-324x486.jpg 324w, https:\/\/www.filzverliebt.de\/wp-content\/uploads\/2020\/04\/MG_7994-416x624.jpg 416w\" sizes=\"(max-width: 1707px) 100vw, 1707px\" \/><div class=\"wp-block-cover__inner-container is-layout-flow wp-block-cover-is-layout-flow\">\n<p class=\"has-text-align-center has-luminous-vivid-orange-color has-text-color\" style=\"font-size:39px\"><strong><em>Herzlich Willkommen!<\/em><\/strong><\/p>\n<\/div><\/div>\n\n\n\n<div style=\"height:20px\" aria-hidden=\"true\" class=\"wp-block-spacer\"><\/div>\n\n\n\n<p>Meine handgefilzten, liebevoll gestalteten Filzobjekte bestechen durch ihre detaillierte Ausarbeitung und ihre Individualit\u00e4t. Gerne setze ich spezielle W\u00fcnsche meiner Kunden in die Realit\u00e4t um, sodass ein Unikat nach Ihren Vorstellungen entsteht. Das Material, das ich hierbei verwende, ist reine Schurwolle, ein Naturprodukt, erh\u00e4ltlich in allen trendigen Farbnuancen.<\/p>\n\n\n\n<div style=\"height:20px\" aria-hidden=\"true\" class=\"wp-block-spacer\"><\/div>\n\n\n\n<p class=\"has-text-align-left has-large-font-size\"><strong>Neu im Sortiment:<\/strong><\/p>\n\n\n<div data-block-name=\"woocommerce\/product-new\" class=\"wc-block-grid wp-block-product-new wc-block-product-new has-3-columns has-multiple-rows\"><ul class=\"wc-block-grid__products\"><li class=\"wc-block-grid__product\">\n\t\t\t\t<a href=\"https:\/\/www.filzverliebt.de\/?product=fliegendes-schwein\" class=\"wc-block-grid__product-link\">\n\t\t\t\t\t\n\t\t\t\t\t<div class=\"wc-block-grid__product-image\"><img loading=\"lazy\" decoding=\"async\" width=\"324\" height=\"486\" src=\"https:\/\/www.filzverliebt.de\/wp-content\/uploads\/2020\/05\/MG_8079-324x486.jpg\" class=\"attachment-woocommerce_thumbnail size-woocommerce_thumbnail\" alt=\"Mobile  Gl\u00fccksschwein\" srcset=\"https:\/\/www.filzverliebt.de\/wp-content\/uploads\/2020\/05\/MG_8079-324x486.jpg 324w, https:\/\/www.filzverliebt.de\/wp-content\/uploads\/2020\/05\/MG_8079-200x300.jpg 200w, https:\/\/www.filzverliebt.de\/wp-content\/uploads\/2020\/05\/MG_8079-683x1024.jpg 683w, https:\/\/www.filzverliebt.de\/wp-content\/uploads\/2020\/05\/MG_8079-768x1152.jpg 768w, https:\/\/www.filzverliebt.de\/wp-content\/uploads\/2020\/05\/MG_8079-1024x1536.jpg 1024w, https:\/\/www.filzverliebt.de\/wp-content\/uploads\/2020\/05\/MG_8079-1365x2048.jpg 1365w, https:\/\/www.filzverliebt.de\/wp-content\/uploads\/2020\/05\/MG_8079-416x624.jpg 416w, https:\/\/www.filzverliebt.de\/wp-content\/uploads\/2020\/05\/MG_8079-scaled.jpg 1707w\" sizes=\"(max-width: 324px) 100vw, 324px\" \/><\/div>\n\t\t\t\t\t<div class=\"wc-block-grid__product-title\">Mobile  Gl\u00fccksschwein<\/div>\n\t\t\t\t<\/a>\n\t\t\t\t<div class=\"wc-block-grid__product-price price\"><span class=\"woocommerce-Price-amount amount\"><span class=\"woocommerce-Price-currencySymbol\">&euro;<\/span>15,00<\/span><\/div>\n\t\t\t\t\n\t\t\t\t<div class=\"wp-block-button wc-block-grid__product-add-to-cart\"><a href=\"?add-to-cart=517\" aria-label=\"In den Warenkorb legen: \u201eMobile  Gl\u00fccksschwein\u201c\" data-quantity=\"1\" data-product_id=\"517\" data-product_sku=\"\" data-price=\"15\" rel=\"nofollow\" class=\"wp-block-button__link  add_to_cart_button ajax_add_to_cart\">In den Warenkorb<\/a><\/div>\n\t\t\t<\/li><li class=\"wc-block-grid__product\">\n\t\t\t\t<a href=\"https:\/\/www.filzverliebt.de\/?product=krippe\" class=\"wc-block-grid__product-link\">\n\t\t\t\t\t\n\t\t\t\t\t<div class=\"wc-block-grid__product-image\"><img loading=\"lazy\" decoding=\"async\" width=\"324\" height=\"486\" src=\"https:\/\/www.filzverliebt.de\/wp-content\/uploads\/2021\/11\/IMG_4870_1_1-324x486.jpg\" class=\"attachment-woocommerce_thumbnail size-woocommerce_thumbnail\" alt=\"Krippe\" srcset=\"https:\/\/www.filzverliebt.de\/wp-content\/uploads\/2021\/11\/IMG_4870_1_1-324x486.jpg 324w, https:\/\/www.filzverliebt.de\/wp-content\/uploads\/2021\/11\/IMG_4870_1_1-200x300.jpg 200w, https:\/\/www.filzverliebt.de\/wp-content\/uploads\/2021\/11\/IMG_4870_1_1-683x1024.jpg 683w, https:\/\/www.filzverliebt.de\/wp-content\/uploads\/2021\/11\/IMG_4870_1_1-768x1152.jpg 768w, https:\/\/www.filzverliebt.de\/wp-content\/uploads\/2021\/11\/IMG_4870_1_1-1024x1536.jpg 1024w, https:\/\/www.filzverliebt.de\/wp-content\/uploads\/2021\/11\/IMG_4870_1_1-1365x2048.jpg 1365w, https:\/\/www.filzverliebt.de\/wp-content\/uploads\/2021\/11\/IMG_4870_1_1-416x624.jpg 416w, https:\/\/www.filzverliebt.de\/wp-content\/uploads\/2021\/11\/IMG_4870_1_1-scaled.jpg 1707w\" sizes=\"(max-width: 324px) 100vw, 324px\" \/><\/div>\n\t\t\t\t\t<div class=\"wc-block-grid__product-title\">Krippe<\/div>\n\t\t\t\t<\/a>\n\t\t\t\t<div class=\"wc-block-grid__product-price price\"><span class=\"woocommerce-Price-amount amount\"><span class=\"woocommerce-Price-currencySymbol\">&euro;<\/span>25,00<\/span><\/div>\n\t\t\t\t\n\t\t\t\t<div class=\"wp-block-button wc-block-grid__product-add-to-cart\"><a href=\"?add-to-cart=731\" aria-label=\"In den Warenkorb legen: \u201eKrippe\u201c\" data-quantity=\"1\" data-product_id=\"731\" data-product_sku=\"\" data-price=\"25\" rel=\"nofollow\" class=\"wp-block-button__link  add_to_cart_button ajax_add_to_cart\">In den Warenkorb<\/a><\/div>\n\t\t\t<\/li><li class=\"wc-block-grid__product\">\n\t\t\t\t<a href=\"https:\/\/www.filzverliebt.de\/?product=engel-mobile-blau\" class=\"wc-block-grid__product-link\">\n\t\t\t\t\t\n\t\t\t\t\t<div class=\"wc-block-grid__product-image\"><img loading=\"lazy\" decoding=\"async\" width=\"324\" height=\"486\" src=\"https:\/\/www.filzverliebt.de\/wp-content\/uploads\/2021\/11\/MG_8084-324x486.jpg\" class=\"attachment-woocommerce_thumbnail size-woocommerce_thumbnail\" alt=\"Engel Mobile, Blau\" srcset=\"https:\/\/www.filzverliebt.de\/wp-content\/uploads\/2021\/11\/MG_8084-324x486.jpg 324w, https:\/\/www.filzverliebt.de\/wp-content\/uploads\/2021\/11\/MG_8084-200x300.jpg 200w, https:\/\/www.filzverliebt.de\/wp-content\/uploads\/2021\/11\/MG_8084-683x1024.jpg 683w, https:\/\/www.filzverliebt.de\/wp-content\/uploads\/2021\/11\/MG_8084-768x1152.jpg 768w, https:\/\/www.filzverliebt.de\/wp-content\/uploads\/2021\/11\/MG_8084-1024x1536.jpg 1024w, https:\/\/www.filzverliebt.de\/wp-content\/uploads\/2021\/11\/MG_8084-1365x2048.jpg 1365w, https:\/\/www.filzverliebt.de\/wp-content\/uploads\/2021\/11\/MG_8084-416x624.jpg 416w, https:\/\/www.filzverliebt.de\/wp-content\/uploads\/2021\/11\/MG_8084-scaled.jpg 1707w\" sizes=\"(max-width: 324px) 100vw, 324px\" \/><\/div>\n\t\t\t\t\t<div class=\"wc-block-grid__product-title\">Engel Mobile, Blau<\/div>\n\t\t\t\t<\/a>\n\t\t\t\t<div class=\"wc-block-grid__product-price price\"><span class=\"woocommerce-Price-amount amount\"><span class=\"woocommerce-Price-currencySymbol\">&euro;<\/span>21,00<\/span><\/div>\n\t\t\t\t\n\t\t\t\t<div class=\"wp-block-button wc-block-grid__product-add-to-cart\"><a href=\"?add-to-cart=727\" aria-label=\"In den Warenkorb legen: \u201eEngel Mobile, Blau\u201c\" data-quantity=\"1\" data-product_id=\"727\" data-product_sku=\"\" data-price=\"21\" rel=\"nofollow\" class=\"wp-block-button__link  add_to_cart_button ajax_add_to_cart\">In den Warenkorb<\/a><\/div>\n\t\t\t<\/li><li class=\"wc-block-grid__product\">\n\t\t\t\t<a href=\"https:\/\/www.filzverliebt.de\/?product=engel-mobile-rosa\" class=\"wc-block-grid__product-link\">\n\t\t\t\t\t\n\t\t\t\t\t<div class=\"wc-block-grid__product-image\"><img loading=\"lazy\" decoding=\"async\" width=\"324\" height=\"486\" src=\"https:\/\/www.filzverliebt.de\/wp-content\/uploads\/2021\/11\/MG_8089-324x486.jpg\" class=\"attachment-woocommerce_thumbnail size-woocommerce_thumbnail\" alt=\"Engel Mobile, Rosa\" srcset=\"https:\/\/www.filzverliebt.de\/wp-content\/uploads\/2021\/11\/MG_8089-324x486.jpg 324w, https:\/\/www.filzverliebt.de\/wp-content\/uploads\/2021\/11\/MG_8089-200x300.jpg 200w, https:\/\/www.filzverliebt.de\/wp-content\/uploads\/2021\/11\/MG_8089-683x1024.jpg 683w, https:\/\/www.filzverliebt.de\/wp-content\/uploads\/2021\/11\/MG_8089-768x1152.jpg 768w, https:\/\/www.filzverliebt.de\/wp-content\/uploads\/2021\/11\/MG_8089-1024x1536.jpg 1024w, https:\/\/www.filzverliebt.de\/wp-content\/uploads\/2021\/11\/MG_8089-1365x2048.jpg 1365w, https:\/\/www.filzverliebt.de\/wp-content\/uploads\/2021\/11\/MG_8089-416x624.jpg 416w, https:\/\/www.filzverliebt.de\/wp-content\/uploads\/2021\/11\/MG_8089-scaled.jpg 1707w\" sizes=\"(max-width: 324px) 100vw, 324px\" \/><\/div>\n\t\t\t\t\t<div class=\"wc-block-grid__product-title\">Engel Mobile, Rosa<\/div>\n\t\t\t\t<\/a>\n\t\t\t\t<div class=\"wc-block-grid__product-price price\"><span class=\"woocommerce-Price-amount amount\"><span class=\"woocommerce-Price-currencySymbol\">&euro;<\/span>21,00<\/span><\/div>\n\t\t\t\t\n\t\t\t\t<div class=\"wp-block-button wc-block-grid__product-add-to-cart\"><a href=\"?add-to-cart=726\" aria-label=\"In den Warenkorb legen: \u201eEngel Mobile, Rosa\u201c\" data-quantity=\"1\" data-product_id=\"726\" data-product_sku=\"\" data-price=\"21\" rel=\"nofollow\" class=\"wp-block-button__link  add_to_cart_button ajax_add_to_cart\">In den Warenkorb<\/a><\/div>\n\t\t\t<\/li><li class=\"wc-block-grid__product\">\n\t\t\t\t<a href=\"https:\/\/www.filzverliebt.de\/?product=fliegender-engel\" class=\"wc-block-grid__product-link\">\n\t\t\t\t\t\n\t\t\t\t\t<div class=\"wc-block-grid__product-image\"><img loading=\"lazy\" decoding=\"async\" width=\"324\" height=\"486\" src=\"https:\/\/www.filzverliebt.de\/wp-content\/uploads\/2021\/11\/MG_8061-324x486.jpg\" class=\"attachment-woocommerce_thumbnail size-woocommerce_thumbnail\" alt=\"Fliegender Engel\" srcset=\"https:\/\/www.filzverliebt.de\/wp-content\/uploads\/2021\/11\/MG_8061-324x486.jpg 324w, https:\/\/www.filzverliebt.de\/wp-content\/uploads\/2021\/11\/MG_8061-200x300.jpg 200w, https:\/\/www.filzverliebt.de\/wp-content\/uploads\/2021\/11\/MG_8061-683x1024.jpg 683w, https:\/\/www.filzverliebt.de\/wp-content\/uploads\/2021\/11\/MG_8061-768x1152.jpg 768w, https:\/\/www.filzverliebt.de\/wp-content\/uploads\/2021\/11\/MG_8061-1024x1536.jpg 1024w, https:\/\/www.filzverliebt.de\/wp-content\/uploads\/2021\/11\/MG_8061-1365x2048.jpg 1365w, https:\/\/www.filzverliebt.de\/wp-content\/uploads\/2021\/11\/MG_8061-416x624.jpg 416w, https:\/\/www.filzverliebt.de\/wp-content\/uploads\/2021\/11\/MG_8061-scaled.jpg 1707w\" sizes=\"(max-width: 324px) 100vw, 324px\" \/><\/div>\n\t\t\t\t\t<div class=\"wc-block-grid__product-title\">Fliegender Engel<\/div>\n\t\t\t\t<\/a>\n\t\t\t\t<div class=\"wc-block-grid__product-price price\"><span class=\"woocommerce-Price-amount amount\"><span class=\"woocommerce-Price-currencySymbol\">&euro;<\/span>32,00<\/span><\/div>\n\t\t\t\t\n\t\t\t\t<div class=\"wp-block-button wc-block-grid__product-add-to-cart\"><a href=\"?add-to-cart=714\" aria-label=\"In den Warenkorb legen: \u201eFliegender Engel\u201c\" data-quantity=\"1\" data-product_id=\"714\" data-product_sku=\"\" data-price=\"32\" rel=\"nofollow\" class=\"wp-block-button__link  add_to_cart_button ajax_add_to_cart\">In den Warenkorb<\/a><\/div>\n\t\t\t<\/li><li class=\"wc-block-grid__product\">\n\t\t\t\t<a href=\"https:\/\/www.filzverliebt.de\/?product=schwimmerin\" class=\"wc-block-grid__product-link\">\n\t\t\t\t\t\n\t\t\t\t\t<div class=\"wc-block-grid__product-image\"><img loading=\"lazy\" decoding=\"async\" width=\"324\" height=\"486\" src=\"https:\/\/www.filzverliebt.de\/wp-content\/uploads\/2022\/08\/MG_9971-324x486.jpg\" class=\"attachment-woocommerce_thumbnail size-woocommerce_thumbnail\" alt=\"Schwimmerin Anita\" srcset=\"https:\/\/www.filzverliebt.de\/wp-content\/uploads\/2022\/08\/MG_9971-324x486.jpg 324w, https:\/\/www.filzverliebt.de\/wp-content\/uploads\/2022\/08\/MG_9971-200x300.jpg 200w, https:\/\/www.filzverliebt.de\/wp-content\/uploads\/2022\/08\/MG_9971-683x1024.jpg 683w, https:\/\/www.filzverliebt.de\/wp-content\/uploads\/2022\/08\/MG_9971-768x1152.jpg 768w, https:\/\/www.filzverliebt.de\/wp-content\/uploads\/2022\/08\/MG_9971-1024x1536.jpg 1024w, https:\/\/www.filzverliebt.de\/wp-content\/uploads\/2022\/08\/MG_9971-1365x2048.jpg 1365w, https:\/\/www.filzverliebt.de\/wp-content\/uploads\/2022\/08\/MG_9971-416x624.jpg 416w, https:\/\/www.filzverliebt.de\/wp-content\/uploads\/2022\/08\/MG_9971-scaled.jpg 1707w\" sizes=\"(max-width: 324px) 100vw, 324px\" \/><\/div>\n\t\t\t\t\t<div class=\"wc-block-grid__product-title\">Schwimmerin Anita<\/div>\n\t\t\t\t<\/a>\n\t\t\t\t<div class=\"wc-block-grid__product-price price\"><span class=\"woocommerce-Price-amount amount\"><span class=\"woocommerce-Price-currencySymbol\">&euro;<\/span>32,00<\/span><\/div>\n\t\t\t\t\n\t\t\t\t<div class=\"wp-block-button wc-block-grid__product-add-to-cart\"><a href=\"?add-to-cart=843\" aria-label=\"In den Warenkorb legen: \u201eSchwimmerin Anita\u201c\" data-quantity=\"1\" data-product_id=\"843\" data-product_sku=\"\" data-price=\"32\" rel=\"nofollow\" class=\"wp-block-button__link  add_to_cart_button ajax_add_to_cart\">In den Warenkorb<\/a><\/div>\n\t\t\t<\/li><li class=\"wc-block-grid__product\">\n\t\t\t\t<a href=\"https:\/\/www.filzverliebt.de\/?product=frosch-trophaee\" class=\"wc-block-grid__product-link\">\n\t\t\t\t\t\n\t\t\t\t\t<div class=\"wc-block-grid__product-image\"><img loading=\"lazy\" decoding=\"async\" width=\"324\" height=\"486\" src=\"https:\/\/www.filzverliebt.de\/wp-content\/uploads\/2022\/08\/MG_9954-324x486.jpg\" class=\"attachment-woocommerce_thumbnail size-woocommerce_thumbnail\" alt=\"Frosch Troph\u00e4e\" srcset=\"https:\/\/www.filzverliebt.de\/wp-content\/uploads\/2022\/08\/MG_9954-324x486.jpg 324w, https:\/\/www.filzverliebt.de\/wp-content\/uploads\/2022\/08\/MG_9954-200x300.jpg 200w, https:\/\/www.filzverliebt.de\/wp-content\/uploads\/2022\/08\/MG_9954-683x1024.jpg 683w, https:\/\/www.filzverliebt.de\/wp-content\/uploads\/2022\/08\/MG_9954-768x1152.jpg 768w, https:\/\/www.filzverliebt.de\/wp-content\/uploads\/2022\/08\/MG_9954-1024x1536.jpg 1024w, https:\/\/www.filzverliebt.de\/wp-content\/uploads\/2022\/08\/MG_9954-1365x2048.jpg 1365w, https:\/\/www.filzverliebt.de\/wp-content\/uploads\/2022\/08\/MG_9954-416x624.jpg 416w, https:\/\/www.filzverliebt.de\/wp-content\/uploads\/2022\/08\/MG_9954-scaled.jpg 1707w\" sizes=\"(max-width: 324px) 100vw, 324px\" \/><\/div>\n\t\t\t\t\t<div class=\"wc-block-grid__product-title\">Frosch Troph\u00e4e<\/div>\n\t\t\t\t<\/a>\n\t\t\t\t<div class=\"wc-block-grid__product-price price\"><span class=\"woocommerce-Price-amount amount\"><span class=\"woocommerce-Price-currencySymbol\">&euro;<\/span>24,00<\/span><\/div>\n\t\t\t\t\n\t\t\t\t<div class=\"wp-block-button wc-block-grid__product-add-to-cart\"><a href=\"?add-to-cart=842\" aria-label=\"In den Warenkorb legen: \u201eFrosch Troph\u00e4e\u201c\" data-quantity=\"1\" data-product_id=\"842\" data-product_sku=\"\" data-price=\"24\" rel=\"nofollow\" class=\"wp-block-button__link  add_to_cart_button ajax_add_to_cart\">In den Warenkorb<\/a><\/div>\n\t\t\t<\/li><li class=\"wc-block-grid__product\">\n\t\t\t\t<a href=\"https:\/\/www.filzverliebt.de\/?product=schwein-mit-schwimmreif\" class=\"wc-block-grid__product-link\">\n\t\t\t\t\t\n\t\t\t\t\t<div class=\"wc-block-grid__product-image\"><img loading=\"lazy\" decoding=\"async\" width=\"324\" height=\"486\" src=\"https:\/\/www.filzverliebt.de\/wp-content\/uploads\/2022\/08\/MG_9952-324x486.jpg\" class=\"attachment-woocommerce_thumbnail size-woocommerce_thumbnail\" alt=\"Schwein mit Schwimmreif\" srcset=\"https:\/\/www.filzverliebt.de\/wp-content\/uploads\/2022\/08\/MG_9952-324x486.jpg 324w, https:\/\/www.filzverliebt.de\/wp-content\/uploads\/2022\/08\/MG_9952-200x300.jpg 200w, https:\/\/www.filzverliebt.de\/wp-content\/uploads\/2022\/08\/MG_9952-683x1024.jpg 683w, https:\/\/www.filzverliebt.de\/wp-content\/uploads\/2022\/08\/MG_9952-768x1152.jpg 768w, https:\/\/www.filzverliebt.de\/wp-content\/uploads\/2022\/08\/MG_9952-1024x1536.jpg 1024w, https:\/\/www.filzverliebt.de\/wp-content\/uploads\/2022\/08\/MG_9952-1365x2048.jpg 1365w, https:\/\/www.filzverliebt.de\/wp-content\/uploads\/2022\/08\/MG_9952-416x624.jpg 416w, https:\/\/www.filzverliebt.de\/wp-content\/uploads\/2022\/08\/MG_9952-scaled.jpg 1707w\" sizes=\"(max-width: 324px) 100vw, 324px\" \/><\/div>\n\t\t\t\t\t<div class=\"wc-block-grid__product-title\">Schwein mit Schwimmreif<\/div>\n\t\t\t\t<\/a>\n\t\t\t\t<div class=\"wc-block-grid__product-price price\"><span class=\"woocommerce-Price-amount amount\"><span class=\"woocommerce-Price-currencySymbol\">&euro;<\/span>21,00<\/span><\/div>\n\t\t\t\t\n\t\t\t\t<div class=\"wp-block-button wc-block-grid__product-add-to-cart\"><a href=\"?add-to-cart=827\" aria-label=\"In den Warenkorb legen: \u201eSchwein mit Schwimmreif\u201c\" data-quantity=\"1\" data-product_id=\"827\" data-product_sku=\"\" data-price=\"21\" rel=\"nofollow\" class=\"wp-block-button__link  add_to_cart_button ajax_add_to_cart\">In den Warenkorb<\/a><\/div>\n\t\t\t<\/li><li class=\"wc-block-grid__product\">\n\t\t\t\t<a href=\"https:\/\/www.filzverliebt.de\/?product=engel-stehend-dunkelblau\" class=\"wc-block-grid__product-link\">\n\t\t\t\t\t\n\t\t\t\t\t<div class=\"wc-block-grid__product-image\"><img loading=\"lazy\" decoding=\"async\" width=\"324\" height=\"486\" src=\"https:\/\/www.filzverliebt.de\/wp-content\/uploads\/2021\/11\/MG_8940_1_1-324x486.jpg\" class=\"attachment-woocommerce_thumbnail size-woocommerce_thumbnail\" alt=\"Engel sitzend, hellblaues Kleid\" srcset=\"https:\/\/www.filzverliebt.de\/wp-content\/uploads\/2021\/11\/MG_8940_1_1-324x486.jpg 324w, https:\/\/www.filzverliebt.de\/wp-content\/uploads\/2021\/11\/MG_8940_1_1-200x300.jpg 200w, https:\/\/www.filzverliebt.de\/wp-content\/uploads\/2021\/11\/MG_8940_1_1-683x1024.jpg 683w, https:\/\/www.filzverliebt.de\/wp-content\/uploads\/2021\/11\/MG_8940_1_1-768x1152.jpg 768w, https:\/\/www.filzverliebt.de\/wp-content\/uploads\/2021\/11\/MG_8940_1_1-1024x1536.jpg 1024w, https:\/\/www.filzverliebt.de\/wp-content\/uploads\/2021\/11\/MG_8940_1_1-1365x2048.jpg 1365w, https:\/\/www.filzverliebt.de\/wp-content\/uploads\/2021\/11\/MG_8940_1_1-416x624.jpg 416w, https:\/\/www.filzverliebt.de\/wp-content\/uploads\/2021\/11\/MG_8940_1_1-scaled.jpg 1707w\" sizes=\"(max-width: 324px) 100vw, 324px\" \/><\/div>\n\t\t\t\t\t<div class=\"wc-block-grid__product-title\">Engel sitzend, hellblaues Kleid<\/div>\n\t\t\t\t<\/a>\n\t\t\t\t<div class=\"wc-block-grid__product-price price\"><span class=\"woocommerce-Price-amount amount\"><span class=\"woocommerce-Price-currencySymbol\">&euro;<\/span>27,00<\/span><\/div>\n\t\t\t\t\n\t\t\t\t<div class=\"wp-block-button wc-block-grid__product-add-to-cart\"><a href=\"?add-to-cart=804\" aria-label=\"In den Warenkorb legen: \u201eEngel sitzend, hellblaues Kleid\u201c\" data-quantity=\"1\" data-product_id=\"804\" data-product_sku=\"\" data-price=\"27\" rel=\"nofollow\" class=\"wp-block-button__link  add_to_cart_button ajax_add_to_cart\">In den Warenkorb<\/a><\/div>\n\t\t\t<\/li><\/ul><\/div>\n\n\n<div class=\"wp-block-media-text alignfull is-stacked-on-mobile is-image-fill\"><figure class=\"wp-block-media-text__media\" style=\"background-image:url(https:\/\/www.filzverliebt.de\/wp-content\/uploads\/2020\/04\/image-1024x680.jpg);background-position:50% 50%\"><a href=\"https:\/\/www.filzverliebt.de\/?page_id=103\"><img loading=\"lazy\" decoding=\"async\" width=\"1024\" height=\"680\" src=\"https:\/\/www.filzverliebt.de\/wp-content\/uploads\/2020\/04\/image-1024x680.jpg\" alt=\"\" class=\"wp-image-238\" srcset=\"https:\/\/www.filzverliebt.de\/wp-content\/uploads\/2020\/04\/image-1024x680.jpg 1024w, https:\/\/www.filzverliebt.de\/wp-content\/uploads\/2020\/04\/image-300x199.jpg 300w, https:\/\/www.filzverliebt.de\/wp-content\/uploads\/2020\/04\/image-768x510.jpg 768w, https:\/\/www.filzverliebt.de\/wp-content\/uploads\/2020\/04\/image-416x276.jpg 416w, https:\/\/www.filzverliebt.de\/wp-content\/uploads\/2020\/04\/image.jpg 1284w\" sizes=\"(max-width: 1024px) 100vw, 1024px\" \/><\/a><\/figure><div class=\"wp-block-media-text__content\">\n\n<p class=\"has-large-font-size\"><a href=\"https:\/\/www.filzverliebt.de\/?page_id=103\">Unser Ladengesch\u00e4ft<\/a><\/p>\n\n<\/div><\/div>\n\n\n\n<div class=\"wp-block-media-text alignfull has-media-on-the-right is-stacked-on-mobile is-image-fill\"><figure class=\"wp-block-media-text__media\" style=\"background-image:url(https:\/\/www.filzverliebt.de\/wp-content\/uploads\/2020\/04\/MG_7979-1-2-scaled-e1585934296470-1024x887.jpg);background-position:50% 50%\"><a href=\"https:\/\/www.filzverliebt.de\/?page_id=2\"><img loading=\"lazy\" decoding=\"async\" width=\"1024\" height=\"887\" src=\"https:\/\/www.filzverliebt.de\/wp-content\/uploads\/2020\/04\/MG_7979-1-2-scaled-e1585934296470-1024x887.jpg\" alt=\"\" class=\"wp-image-22\" srcset=\"https:\/\/www.filzverliebt.de\/wp-content\/uploads\/2020\/04\/MG_7979-1-2-scaled-e1585934296470-1024x887.jpg 1024w, https:\/\/www.filzverliebt.de\/wp-content\/uploads\/2020\/04\/MG_7979-1-2-scaled-e1585934296470-416x360.jpg 416w, https:\/\/www.filzverliebt.de\/wp-content\/uploads\/2020\/04\/MG_7979-1-2-scaled-e1585934296470-300x260.jpg 300w, https:\/\/www.filzverliebt.de\/wp-content\/uploads\/2020\/04\/MG_7979-1-2-scaled-e1585934296470-768x665.jpg 768w, https:\/\/www.filzverliebt.de\/wp-content\/uploads\/2020\/04\/MG_7979-1-2-scaled-e1585934296470-1536x1330.jpg 1536w, https:\/\/www.filzverliebt.de\/wp-content\/uploads\/2020\/04\/MG_7979-1-2-scaled-e1585934296470.jpg 1707w\" sizes=\"(max-width: 1024px) 100vw, 1024px\" \/><\/a><\/figure><div class=\"wp-block-media-text__content\">\n\n<p class=\"has-large-font-size\"><a href=\"https:\/\/www.filzverliebt.de\/?page_id=2\">Filzkurse f\u00fcr Einsteiger, fortgeschrittene oder Profis<\/a><\/p>\n\n<\/div><\/div>\n\n\n\n<div class=\"wp-block-columns is-layout-flex wp-container-core-columns-is-layout-1 wp-block-columns-is-layout-flex\">\n<div class=\"wp-block-column is-layout-flow wp-block-column-is-layout-flow\"><\/div>\n\n\n\n<div class=\"wp-block-column is-layout-flow wp-block-column-is-layout-flow\"><\/div>\n<\/div>\n\n\n\n<div class=\"wp-block-columns is-layout-flex wp-container-core-columns-is-layout-2 wp-block-columns-is-layout-flex\">\n<div class=\"wp-block-column is-layout-flow wp-block-column-is-layout-flow\"><\/div>\n\n\n\n<div class=\"wp-block-column is-layout-flow wp-block-column-is-layout-flow\"><\/div>\n<\/div>\n","protected":false},"excerpt":{"rendered":"<p>Meine handgefilzten, liebevoll gestalteten Filzobjekte bestechen durch ihre detaillierte Ausarbeitung und ihre Individualit\u00e4t. Gerne setze ich spezielle W\u00fcnsche meiner Kunden in die Realit\u00e4t um, sodass ein Unikat nach Ihren Vorstellungen entsteht. Das Material, das ich hierbei verwende, ist reine Schurwolle, ein Naturprodukt, erh\u00e4ltlich in allen trendigen Farbnuancen. Neu im Sortiment: Unser Ladengesch\u00e4ft Filzkurse f\u00fcr Einsteiger, [&hellip;]<\/p>\n","protected":false},"author":1,"featured_media":0,"parent":0,"menu_order":0,"comment_status":"closed","ping_status":"closed","template":"template-fullwidth.php","meta":{"footnotes":""},"_links":{"self":[{"href":"https:\/\/www.filzverliebt.de\/index.php?rest_route=\/wp\/v2\/pages\/20"}],"collection":[{"href":"https:\/\/www.filzverliebt.de\/index.php?rest_route=\/wp\/v2\/pages"}],"about":[{"href":"https:\/\/www.filzverliebt.de\/index.php?rest_route=\/wp\/v2\/types\/page"}],"author":[{"embeddable":true,"href":"https:\/\/www.filzverliebt.de\/index.php?rest_route=\/wp\/v2\/users\/1"}],"replies":[{"embeddable":true,"href":"https:\/\/www.filzverliebt.de\/index.php?rest_route=%2Fwp%2Fv2%2Fcomments&post=20"}],"version-history":[{"count":40,"href":"https:\/\/www.filzverliebt.de\/index.php?rest_route=\/wp\/v2\/pages\/20\/revisions"}],"predecessor-version":[{"id":870,"href":"https:\/\/www.filzverliebt.de\/index.php?rest_route=\/wp\/v2\/pages\/20\/revisions\/870"}],"wp:attachment":[{"href":"https:\/\/www.filzverliebt.de\/index.php?rest_route=%2Fwp%2Fv2%2Fmedia&parent=20"}],"curies":[{"name":"wp","href":"https:\/\/api.w.org\/{rel}","templated":true}]}}